{"id":487,"date":"2023-01-15T19:42:49","date_gmt":"2023-01-15T19:42:49","guid":{"rendered":"https:\/\/autoecolemyriam.fr\/?page_id=487"},"modified":"2023-01-15T19:46:33","modified_gmt":"2023-01-15T19:46:33","slug":"programme-de-formation","status":"publish","type":"page","link":"https:\/\/autoecolemyriam.fr\/index.php\/programme-de-formation\/","title":{"rendered":"Programme de Formation"},"content":{"rendered":"<style>\/*! elementor - v3.10.0 - 09-01-2023 *\/\n.elementor-heading-title{padding:0;margin:0;line-height:1}.elementor-widget-heading .elementor-heading-title[class*=elementor-size-]>a{color:inherit;font-size:inherit;line-height:inherit}.elementor-widget-heading .elementor-heading-title.elementor-size-small{font-size:15px}.elementor-widget-heading .elementor-heading-title.elementor-size-medium{font-size:19px}.elementor-widget-heading .elementor-heading-title.elementor-size-large{font-size:29px}.elementor-widget-heading .elementor-heading-title.elementor-size-xl{font-size:39px}.elementor-widget-heading .elementor-heading-title.elementor-size-xxl{font-size:59px}<\/style>\n<h2>Programme de Formation<\/h2>\n<h2>Formation PERMIS B<\/h2>\n<h2>LES OBJECTIFS DE LA FORMATION<\/h2>\n<p>Acqu\u00e9rir les connaissances techniques, r\u00e9glementaires, et de s\u00e9curit\u00e9 routi\u00e8re permettant de se pr\u00e9senter avec succ\u00e8s \u00e0 l&#8217;examen du permis de conduire de la cat\u00e9gorie B<\/p>\n<h2>PROGRAMME DE LA FORMATION<\/h2>\n<ul>\n<li><strong>Une \u00e9valuation de d\u00e9part<\/strong> afin de d\u00e9terminer le nombre d\u2019heures moyen et le co\u00fbt de la formation.<\/li>\n<li><strong>Une formation th\u00e9orique<\/strong> : pr\u00e9paration \u00e0 l\u2019\u00e9preuve th\u00e9orique g\u00e9n\u00e9rale (ETG) par des cours de code sur les th\u00e8mes de la signalisation, intersections et priorit\u00e9s, r\u00e8gles de circulation, autoroutes et routes \u00e0 acc\u00e8s r\u00e9glement\u00e9, tunnels routiers et autoroutiers, croisements \u2013 d\u00e9passements, arr\u00eats-stationnement visibilit\u00e9 \u00e9clairage, conduite pratique, \u00e9coconduite et v\u00e9hicule, usagers vuln\u00e9rables\/partage de l\u2019espace public et prise de conscience des risques et sanction-formation.<\/li>\n<\/ul>\n<p><strong>Une formation pratique<\/strong><\/p>\n<p>\u00a0<\/p>\n<style>\/*! elementor - v3.10.0 - 09-01-2023 *\/\n.elementor-widget-image{text-align:center}.elementor-widget-image a{display:inline-block}.elementor-widget-image a img[src$=\".svg\"]{width:48px}.elementor-widget-image img{vertical-align:middle;display:inline-block}<\/style>\n<p>\t\t\t\t\t\t\t\t\t\t\t\t<img decoding=\"async\" width=\"800\" height=\"805\" src=\"http:\/\/autoecolemyriam.fr\/wp-content\/uploads\/2023\/01\/as.png\" alt=\"\" loading=\"lazy\" srcset=\"https:\/\/autoecolemyriam.fr\/wp-content\/uploads\/2023\/01\/as.png 1019w, https:\/\/autoecolemyriam.fr\/wp-content\/uploads\/2023\/01\/as-298x300.png 298w, https:\/\/autoecolemyriam.fr\/wp-content\/uploads\/2023\/01\/as-150x150.png 150w, https:\/\/autoecolemyriam.fr\/wp-content\/uploads\/2023\/01\/as-768x773.png 768w\" sizes=\"auto, (max-width: 800px) 100vw, 800px\" \/>\t\t\t\t\t\t\t\t\t\t\t\t\t\t\t<\/p>\n<h2>PUBLIC VISE &#038; PREREQUIS<\/h2>\n<ul>\n<li>Avoir 18 ans<\/li>\n<li>Savoir lire et \u00e9crire la langue Fran\u00e7aise<\/li>\n<li>Avoir satisfait \u00e9ventuellement \u00e0 une \u00e9valuation pr\u00e9alable<\/li>\n<li>Nota : il faut passer l\u2019\u00e9preuve Th\u00e9orique G\u00e9n\u00e9rale si le dernier permis obtenu date de plus de cinq ans.<\/li>\n<\/ul>\n<p><strong>RESULTATS ATTENDUS<\/strong><\/p>\n<p>Avoir le niveau requis pour se pr\u00e9senter \u00e0 l\u2019examen avec succ\u00e8s<\/p>\n<p>MOYENS TECHNIQUES ET PEDAGOGIQUES<\/p>\n<p><strong>\uf0b7 <\/strong><em><strong>QUALIFICATION DES INTERVENANTS<\/strong> <\/em><\/p>\n<p>Enseignant de la conduite et de la s\u00e9curit\u00e9 routi\u00e8re dipl\u00f4m\u00e9 et titulaire d\u2019une autorisation d\u2019enseigner en cours de validit\u00e9.<\/p>\n<p><strong>\uf0b7 <\/strong><em><strong>MOYENS PEDAGOGIQUES ET TECHNIQUES<\/strong> <\/em><\/p>\n<ul>\n<li>M\u00e9thodes actives adapt\u00e9es \u00e0 la formation des adultes.<\/li>\n<li>Alternance de th\u00e9orie et de pratique<\/li>\n<li>Salles de cours \u00e9quip\u00e9es de moyens multim\u00e9dia.<\/li>\n<li>V\u00e9hicules adapt\u00e9s \u00e0 l\u2019enseignement.<\/li>\n<li>Fiche de suivi et livret d\u2019apprentissage.<\/li>\n<li>Fourniture de supports p\u00e9dagogiques sp\u00e9cifiques<\/li>\n<\/ul>\n<p><strong>\uf0b7 <em>EVALUATION DE LA FORMATION &amp; CONDITIONS DE REUSSITE<\/em><\/strong><\/p>\n<ul>\n<li>Feuilles de pr\u00e9sence \u00e9marg\u00e9es par les stagiaires pour les formations d\u2019inscrivant dans le cadre de la formation professionnelle<\/li>\n<li>Un livret d\u2019apprentissage est utilis\u00e9 pour suivre l\u2019acquisition ou l\u2019am\u00e9lioration des comp\u00e9tences en formation<\/li>\n<li>Un questionnaire est utilis\u00e9 pour mesurer la satisfaction globale des stagiaires sur l\u2019organisation, les qualit\u00e9s p\u00e9dagogiques du formateur, les m\u00e9thodes et supports utilis\u00e9s\u2026<\/li>\n<\/ul>\n<p><em>Conditions de r\u00e9ussite :<\/em> satisfaire un examen blanc.<\/p>\n<p><strong>\uf0b7 <em>SANCTION DE LA FORMATION<\/em><\/strong><\/p>\n<p>Examen et validation par l\u2019Inspecteur du Permis de Conduire et de la S\u00e9curit\u00e9 Routi\u00e8re.<\/p>\n<p><strong>DUREE DE LA FORMATION ET MODALITES D\u2019ORGANISATION<\/strong><\/p>\n<p><em>20 heures de conduite minimum<\/em><\/p>\n<p>PRIX DE LA FORMATION<\/p>\n<p><em>\u00a0 <\/em><em>1350\u20ac TTC<\/em><\/p>\n<p><strong>DATE(S) : <\/strong><\/p>\n<p><em>Nous consulter<\/em><\/p>\n<p>INFORMATION HANDICAP<\/p>\n<p>Chaque situation de handicap \u00e9tant unique, nous vous demandons de pr\u00e9ciser \u00e0 l\u2019inscription votre handicap. Nous pourrons ainsi confirmer l\u2019ensemble des possibilit\u00e9s d\u2019accueil et de mise en \u0153uvre de la formation. Pour toutes informations compl\u00e9mentaires, vous pouvez contacter le secr\u00e9tariat aux heures d\u2019ouverture.<\/p>\n<p>Formation B78 vers B<\/p>\n<p>LES OBJECTIFS DE LA FORMATION<\/p>\n<p>Acqu\u00e9rir des connaissances techniques, r\u00e9glementaires, et de s\u00e9curit\u00e9 routi\u00e8re permettant de pouvoir conduire un v\u00e9hicule de la cat\u00e9gorie B avec une boite manuelle<\/p>\n<p>PROGRAMME DE LA FORMATION<\/p>\n<p>Apr\u00e8s une \u00e9valuation pr\u00e9alable, la formation se d\u00e9compose en deux s\u00e9quences :<\/p>\n<ul>\n<li>Dans un trafic nul ou faible, l\u2019\u00e9l\u00e8ve doit acqu\u00e9rir les connaissances et les comp\u00e9tences suivantes (Dur\u00e9e <strong>: 2 heures<\/strong>)\u00a0:<\/li>\n<li>Comprendre le principe du point de patinage de l\u2019embrayage et assurer sa mise en \u0153uvre<\/li>\n<li>\u00catre en capacit\u00e9 de r\u00e9aliser un d\u00e9marrage en c\u00f4te en toute s\u00e9curit\u00e9 Une partie de cette s\u00e9quence, limit\u00e9e \u00e0 une heure, peut-\u00eatre r\u00e9alis\u00e9e sur simulateur notamment pour apprendre \u00e0 utiliser la boite de vitesse manuelle<\/li>\n<li>Cette s\u00e9quence se d\u00e9roule dans des conditions de circulation vari\u00e9es, simples et complexes (Dur\u00e9e : <strong>5 heures<\/strong>), Elle permet l\u2019acquisition des comp\u00e9tences suivantes :<\/li>\n<li>Savoir utiliser la boite de vitesse manuelle de fa\u00e7on rationnelle et en toute s\u00e9curit\u00e9 dans des conditions de circulation pr\u00e9cit\u00e9es et adopter les techniques de l\u2019\u00e9coconduite<\/li>\n<li>\u00catre en capacit\u00e9 de diriger le v\u00e9hicule en adaptant l\u2019allure et la trajectoire \u00e0 l\u2019environnement et aux conditions de circulation<\/li>\n<\/ul>\n<p>PUBLIC VISE &amp; PREREQUIS<\/p>\n<ul>\n<li>Avoir 18 ans<\/li>\n<li>\u00catre titulaire du permis B mention B78<\/li>\n<li>Savoir lire et \u00e9crire la langue Fran\u00e7aise<\/li>\n<li>Avoir satisfait \u00e9ventuellement \u00e0 une \u00e9valuation pr\u00e9alable<\/li>\n<\/ul>\n<p><strong>RESULTATS ATTENDUS<\/strong><\/p>\n<p>Avoir un niveau de conduite s\u00e9curitaire suffisant d\u2019un v\u00e9hicule avec boite manuelle<\/p>\n<p>MOYENS TECHNIQUES ET PEDAGOGIQUES<\/p>\n<p><strong>\uf0b7 QUALIFICATION DES INTERVENANTS<\/strong><\/p>\n<p>Enseignant de la conduite et de la s\u00e9curit\u00e9 routi\u00e8re dipl\u00f4m\u00e9 et titulaire d\u2019une autorisation d\u2019enseigner en cours de validit\u00e9.<\/p>\n<p><strong>\uf0b7 MOYENS PEDAGOGIQUES ET TECHNIQUES<\/strong><\/p>\n<ul>\n<li>M\u00e9thodes actives adapt\u00e9es \u00e0 la formation des adultes.<\/li>\n<li>Alternance de th\u00e9orie et de pratique<\/li>\n<li>Salles de cours \u00e9quip\u00e9es de moyens multim\u00e9dia.<\/li>\n<li>V\u00e9hicules adapt\u00e9s \u00e0 l\u2019enseignement.<\/li>\n<li>Fourniture de supports p\u00e9dagogiques sp\u00e9cifiques<\/li>\n<\/ul>\n<p><strong>\uf0b7 EVALUATION DE LA FORMATION &amp; CONDITIONS DE REUSSITE<\/strong><\/p>\n<ul>\n<li>Feuilles de pr\u00e9sence \u00e9marg\u00e9es par les stagiaires pour les formations d\u2019inscrivant dans le cadre de la formation professionnelle<\/li>\n<li>Un questionnaire est utilis\u00e9 pour mesurer la satisfaction globale des stagiaires sur l\u2019organisation, les qualit\u00e9s p\u00e9dagogiques du formateur, les m\u00e9thodes et supports utilis\u00e9s\u2026<\/li>\n<\/ul>\n<p>Conditions de r\u00e9ussite : satisfaire un examen blanc.<\/p>\n<p>SANCTION DE LA FORMATION<\/p>\n<p>D\u00e9livrance d\u2019une attestation de formation permettant de faire la demande d\u2019obtention de titre \u00ab permis B \u00bb<\/p>\n<p><strong>DUREE DE LA FORMATION ET MODALITES D\u2019ORGANISATION<\/strong><\/p>\n<p><strong><em>7 heures de conduite minimum<\/em><\/strong><\/p>\n<p>PRIX DE LA FORMATION<\/p>\n<p><em>\u00a0\u00a0 329 \u20ac TTC<\/em><\/p>\n<p><strong>DATE(S) : <\/strong><\/p>\n<p><em>Nous consulter<\/em><\/p>\n<p><strong>INFORMATION HANDICAP <\/strong><\/p>\n<p><strong>Chaque situation de handicap \u00e9tant unique, nous vous demandons de pr\u00e9ciser \u00e0 l\u2019inscription votre handicap. Nous pourrons ainsi confirmer l\u2019ensemble des possibilit\u00e9s d\u2019accueil et de mise en \u0153uvre de la formation. Pour toutes informations compl\u00e9mentaires, vous pouvez contacter\u00a0:<\/strong><\/p>\n<p><strong><a href=\"https:\/\/www.automobile.ceremh.org\">https:\/\/www.automobile.ceremh.org<\/a><\/strong><strong>\u00a0\u00a0 <\/strong><\/p>\n","protected":false},"excerpt":{"rendered":"<p>Programme de Formation Formation PERMIS B LES OBJECTIFS DE LA FORMATION Acqu\u00e9rir les connaissances techniques, r\u00e9glementaires, et de s\u00e9curit\u00e9 routi\u00e8re permettant de se pr\u00e9senter avec succ\u00e8s \u00e0 l&#8217;examen du permis de conduire de la cat\u00e9gorie B PROGRAMME DE LA FORMATION Une \u00e9valuation de d\u00e9part afin de d\u00e9terminer le nombre d\u2019heures moyen et le co\u00fbt de [&hellip;]<\/p>\n","protected":false},"author":1,"featured_media":0,"parent":0,"menu_order":0,"comment_status":"closed","ping_status":"closed","template":"elementor_header_footer","meta":{"footnotes":""},"class_list":["post-487","page","type-page","status-publish","hentry"],"_links":{"self":[{"href":"https:\/\/autoecolemyriam.fr\/index.php\/wp-json\/wp\/v2\/pages\/487","targetHints":{"allow":["GET"]}}],"collection":[{"href":"https:\/\/autoecolemyriam.fr\/index.php\/wp-json\/wp\/v2\/pages"}],"about":[{"href":"https:\/\/autoecolemyriam.fr\/index.php\/wp-json\/wp\/v2\/types\/page"}],"author":[{"embeddable":true,"href":"https:\/\/autoecolemyriam.fr\/index.php\/wp-json\/wp\/v2\/users\/1"}],"replies":[{"embeddable":true,"href":"https:\/\/autoecolemyriam.fr\/index.php\/wp-json\/wp\/v2\/comments?post=487"}],"version-history":[{"count":3,"href":"https:\/\/autoecolemyriam.fr\/index.php\/wp-json\/wp\/v2\/pages\/487\/revisions"}],"predecessor-version":[{"id":491,"href":"https:\/\/autoecolemyriam.fr\/index.php\/wp-json\/wp\/v2\/pages\/487\/revisions\/491"}],"wp:attachment":[{"href":"https:\/\/autoecolemyriam.fr\/index.php\/wp-json\/wp\/v2\/media?parent=487"}],"curies":[{"name":"wp","href":"https:\/\/api.w.org\/{rel}","templated":true}]}}