{"id":497,"date":"2023-01-15T20:08:40","date_gmt":"2023-01-15T20:08:40","guid":{"rendered":"https:\/\/autoecolemyriam.fr\/?page_id=497"},"modified":"2023-01-15T20:14:03","modified_gmt":"2023-01-15T20:14:03","slug":"notice-aac-et-cs","status":"publish","type":"page","link":"https:\/\/autoecolemyriam.fr\/index.php\/notice-aac-et-cs\/","title":{"rendered":"notice aac et cs"},"content":{"rendered":"<style>\/*! elementor - v3.10.0 - 09-01-2023 *\/\n.elementor-widget-image{text-align:center}.elementor-widget-image a{display:inline-block}.elementor-widget-image a img[src$=\".svg\"]{width:48px}.elementor-widget-image img{vertical-align:middle;display:inline-block}<\/style>\n<p>\t\t\t\t\t\t\t\t\t\t\t\t<img decoding=\"async\" width=\"800\" height=\"541\" src=\"http:\/\/autoecolemyriam.fr\/wp-content\/uploads\/2023\/01\/dwdadf-1024x693.jpg\" alt=\"\" loading=\"lazy\" srcset=\"https:\/\/autoecolemyriam.fr\/wp-content\/uploads\/2023\/01\/dwdadf-1024x693.jpg 1024w, https:\/\/autoecolemyriam.fr\/wp-content\/uploads\/2023\/01\/dwdadf-300x203.jpg 300w, https:\/\/autoecolemyriam.fr\/wp-content\/uploads\/2023\/01\/dwdadf-768x519.jpg 768w, https:\/\/autoecolemyriam.fr\/wp-content\/uploads\/2023\/01\/dwdadf-1536x1039.jpg 1536w, https:\/\/autoecolemyriam.fr\/wp-content\/uploads\/2023\/01\/dwdadf-2048x1385.jpg 2048w\" sizes=\"auto, (max-width: 800px) 100vw, 800px\" \/><br \/>\n\t\t\t\t\t\t\t\t\t\t\t\t\t\t\t<img decoding=\"async\" width=\"800\" height=\"198\" src=\"http:\/\/autoecolemyriam.fr\/wp-content\/uploads\/2023\/01\/asdadw-1024x253.jpg\" alt=\"\" loading=\"lazy\" srcset=\"https:\/\/autoecolemyriam.fr\/wp-content\/uploads\/2023\/01\/asdadw-1024x253.jpg 1024w, https:\/\/autoecolemyriam.fr\/wp-content\/uploads\/2023\/01\/asdadw-300x74.jpg 300w, https:\/\/autoecolemyriam.fr\/wp-content\/uploads\/2023\/01\/asdadw-768x190.jpg 768w, https:\/\/autoecolemyriam.fr\/wp-content\/uploads\/2023\/01\/asdadw-1536x380.jpg 1536w, https:\/\/autoecolemyriam.fr\/wp-content\/uploads\/2023\/01\/asdadw-2048x506.jpg 2048w\" sizes=\"auto, (max-width: 800px) 100vw, 800px\" \/>\t\t\t\t\t\t\t\t\t\t\t\t\t\t\t<\/p>\n<p>Le jour de tes 18 ans, tu peux conduire seul(e) ! &#8211; La p\u00e9riode<\/p>\n<p>probatoire n&#8217;est pas de 3 ans mais seulement de 2 ans pour\u00a0 toi !<\/p>\n<ul>\n<li>Tu r\u00e9cup\u00e8res 3 points par an pendant 2 ans, au lieu de 2 points par an pendant 3 ans !<\/li>\n<li>Tu b\u00e9n\u00e9ficies de tarifs pr\u00e9f\u00e9rentiels sur ton assurance jeune conducteur !<\/li>\n<\/ul>\n<h3>Conditions d&#8217;inscription<\/h3>\n<p>Pour t&#8217;inscrire \u00e0 l&#8217;apprentissage anticip\u00e9 de la conduite, tu dois :<\/p>\n<ul>\n<li>Avoir au moins 15 ans,<\/li>\n<li>Avoir l&#8217;accord de tes parents et de l&#8217;assureur du v\u00e9hicule,<\/li>\n<li>\u00catre titulaire de I&#8217;ASSR 2<sup>\u00e8me <\/sup>niveau ou de I&#8217;ASR.<\/li>\n<\/ul>\n<p>Ton accompagnateur doit \u00eatre titulaire du permis B depuis au moins 5 ans cons\u00e9cutifs et ne jamais avoir commis de d\u00e9lit routier. II n&#8217;est pas forc\u00e9ment un de tes parents. Il peut \u00eatre un membre de la famille, un tuteur, un ami&#8230; II peut m\u00eame y avoir deux accompagnateurs en accord avec l&#8217;assureur.<\/p>\n<p>L&#8217;extension de garantie est indispensable pour le(s) v\u00e9hicule(s). Attention ! La conduite accompagn\u00e9e est interdite hors du<\/p>\n<h3>\u00c9valuation et formation initiale<\/h3>\n<p>D&#8217;abord, tu passeras une \u00e9valuation permettant de te donner une estimation du volume d&#8217;heures de conduite en auto-\u00e9cole (20 h minimum) \u00e0 faire avant de te laisser conduire accompagn\u00e9(e) ! Dans le m\u00eame temps, tu pr\u00e9pareras l&#8217;examen th\u00e9orique, le Code<\/p>\n<h3>Rendez-vous obligatoires<\/h3>\n<p>Au d\u00e9but de la conduite accompagn\u00e9e. Tu devras participer, avec au moins un accompagnateur et ton moniteur, au rendez-vous pr\u00e9alable de 2 heures \u00e0 l&#8217;auto-\u00e9cole. L&#8217;enseignant te prodiguera des conseils et un guide sera remis \u00e0 ton accompagnateur.<\/p>\n<h3>Les bons outils<\/h3>\n<p>Si tu as obtenu ton Code et le bilan de comp\u00e9tence, l&#8217;enseignant te remettra l&#8217;Attestation de Fin de Formation Initiale (AFFI).<\/p>\n","protected":false},"excerpt":{"rendered":"<p>Le jour de tes 18 ans, tu peux conduire seul(e) ! &#8211; La p\u00e9riode probatoire n&#8217;est pas de 3 ans mais seulement de 2 ans pour\u00a0 toi ! Tu r\u00e9cup\u00e8res 3 points par an pendant 2 ans, au lieu de 2 points par an pendant 3 ans ! Tu b\u00e9n\u00e9ficies de tarifs pr\u00e9f\u00e9rentiels sur ton [&hellip;]<\/p>\n","protected":false},"author":1,"featured_media":0,"parent":0,"menu_order":0,"comment_status":"closed","ping_status":"closed","template":"","meta":{"footnotes":""},"class_list":["post-497","page","type-page","status-publish","hentry"],"_links":{"self":[{"href":"https:\/\/autoecolemyriam.fr\/index.php\/wp-json\/wp\/v2\/pages\/497","targetHints":{"allow":["GET"]}}],"collection":[{"href":"https:\/\/autoecolemyriam.fr\/index.php\/wp-json\/wp\/v2\/pages"}],"about":[{"href":"https:\/\/autoecolemyriam.fr\/index.php\/wp-json\/wp\/v2\/types\/page"}],"author":[{"embeddable":true,"href":"https:\/\/autoecolemyriam.fr\/index.php\/wp-json\/wp\/v2\/users\/1"}],"replies":[{"embeddable":true,"href":"https:\/\/autoecolemyriam.fr\/index.php\/wp-json\/wp\/v2\/comments?post=497"}],"version-history":[{"count":3,"href":"https:\/\/autoecolemyriam.fr\/index.php\/wp-json\/wp\/v2\/pages\/497\/revisions"}],"predecessor-version":[{"id":502,"href":"https:\/\/autoecolemyriam.fr\/index.php\/wp-json\/wp\/v2\/pages\/497\/revisions\/502"}],"wp:attachment":[{"href":"https:\/\/autoecolemyriam.fr\/index.php\/wp-json\/wp\/v2\/media?parent=497"}],"curies":[{"name":"wp","href":"https:\/\/api.w.org\/{rel}","templated":true}]}}