{"id":53,"date":"2023-01-11T17:50:33","date_gmt":"2023-01-11T17:50:33","guid":{"rendered":"https:\/\/autoecolemyriam.fr\/?page_id=53"},"modified":"2023-01-18T20:07:53","modified_gmt":"2023-01-18T20:07:53","slug":"code","status":"publish","type":"page","link":"https:\/\/autoecolemyriam.fr\/index.php\/code\/","title":{"rendered":"Code"},"content":{"rendered":"<style>\/*! elementor - v3.10.1 - 17-01-2023 *\/\n.elementor-heading-title{padding:0;margin:0;line-height:1}.elementor-widget-heading .elementor-heading-title[class*=elementor-size-]>a{color:inherit;font-size:inherit;line-height:inherit}.elementor-widget-heading .elementor-heading-title.elementor-size-small{font-size:15px}.elementor-widget-heading .elementor-heading-title.elementor-size-medium{font-size:19px}.elementor-widget-heading .elementor-heading-title.elementor-size-large{font-size:29px}.elementor-widget-heading .elementor-heading-title.elementor-size-xl{font-size:39px}.elementor-widget-heading .elementor-heading-title.elementor-size-xxl{font-size:59px}<\/style>\n<h2>Code de la route<\/h2>\n<p><em>Le code de la route, obligatoire pour conduire tout type de v\u00e9hicule motoris\u00e9, est le premier pas vers l\u2019obtention de votre permis. Pour obtenir votre examen, vous devrez r\u00e9pondre \u00e0 40 questions \u00e0 choix multiples, avec un maximum de 5 fautes. C\u2019est un examen souvent redout\u00e9, mais rassurez-vous nous mettrons tout en oeuvre pour votre r\u00e9ussite.<\/em><\/p>\n<h2>Des stages code: 4 jours<\/h2>\n<p>Des stages code qui ont lieu pendant les p\u00e9riodes de vacances scolaires, nous traiterons tous les th\u00e8mes de mani\u00e8re structur\u00e9e. A la fin de chaque stage, vous pourrez \u00e9valuer vos connaissances gr\u00e2ce \u00e0 des tests toujours encadr\u00e9 par Myriam. <br \/>Une date d\u2019examen de code sera planifi\u00e9e \u00e0 l\u2019issue du stage.<\/p>\n<p>l\u2019auto \u00e9cole Myriam num\u00e9ro 1 en stage code, avec un taux de r\u00e9ussite excellent.<\/p>\n<p>\u00a0<\/p>\n<h2>Et aussi chez vous!<\/h2>\n<p>En parall\u00e8le, nous vous basculons 150 s\u00e9ries que vous pourrez travailler \u00e0 votre rythme. Pour un bon suivi, les r\u00e9sultats seront transmis \u00e0 l\u2019auto-\u00e9cole ainsi qu\u2019aux parents s\u2019ils le souhaitent.<\/p>\n<p>\u00a0\t\t<\/p>\n<style>\/*! elementor - v3.10.1 - 17-01-2023 *\/\n.elementor-widget-image{text-align:center}.elementor-widget-image a{display:inline-block}.elementor-widget-image a img[src$=\".svg\"]{width:48px}.elementor-widget-image img{vertical-align:middle;display:inline-block}<\/style>\n<p>\t\t\t\t\t\t\t\t\t\t\t\t<img decoding=\"async\" width=\"2340\" height=\"1080\" src=\"http:\/\/autoecolemyriam.fr\/wp-content\/uploads\/2023\/01\/Screenshot_20221027_100148_com.facebook.katana-e1673984308543.jpg\" alt=\"\" loading=\"lazy\" srcset=\"https:\/\/autoecolemyriam.fr\/wp-content\/uploads\/2023\/01\/Screenshot_20221027_100148_com.facebook.katana-e1673984308543.jpg 2340w, https:\/\/autoecolemyriam.fr\/wp-content\/uploads\/2023\/01\/Screenshot_20221027_100148_com.facebook.katana-e1673984308543-300x138.jpg 300w, https:\/\/autoecolemyriam.fr\/wp-content\/uploads\/2023\/01\/Screenshot_20221027_100148_com.facebook.katana-e1673984308543-1024x473.jpg 1024w, https:\/\/autoecolemyriam.fr\/wp-content\/uploads\/2023\/01\/Screenshot_20221027_100148_com.facebook.katana-e1673984308543-768x354.jpg 768w, https:\/\/autoecolemyriam.fr\/wp-content\/uploads\/2023\/01\/Screenshot_20221027_100148_com.facebook.katana-e1673984308543-1536x709.jpg 1536w, https:\/\/autoecolemyriam.fr\/wp-content\/uploads\/2023\/01\/Screenshot_20221027_100148_com.facebook.katana-e1673984308543-2048x945.jpg 2048w\" sizes=\"auto, (max-width: 2340px) 100vw, 2340px\" \/>\t\t\t\t\t\t\t\t\t\t\t\t\t\t\t<\/p>\n<h2>Tarif code de la route 2023: 450\u20ac<\/h2>\n<h6><b>2 formules pour passer votre code:<\/b><\/h6>\n<p>\u00a0<\/p>\n<ul>\n<li><b>le code en salle dans nos locaux du lundi au vendredi de 17h \u00e0 19h<\/b><\/li>\n<\/ul>\n<ul>\n<li><b>en stage code de 4 jours.<\/b><\/li>\n<\/ul>\n<h2>Liste des pi\u00e8ces \u00e0 fournir:<\/h2>\n<h6>\n<ul>\n<li>Carte d\u2019identit\u00e9.<\/li>\n<\/ul>\n<ul>\n<li>attestation d\u2019h\u00e9bergement et carte d\u2019identit\u00e9 de l\u2019h\u00e9bergeant si le justificatif de domicile n\u2019est pas au nom de l\u2019\u00e9l\u00e8ve<\/li>\n<\/ul>\n<ul>\n<li>.<\/li>\n<\/ul>\n<ul>\n<li>justificatif de domicile de moins de 6 mois <b>(facture GAZ, elec&#8230;)<\/b><\/li>\n<\/ul>\n<ul>\n<li>.<\/li>\n<\/ul>\n<ul>\n<li>e-photo aux normes ANTS<\/li>\n<\/ul>\n<ul>\n<li>.<\/li>\n<\/ul>\n<ul>\n<li>l\u2019attestation justifiant de la r\u00e9gularit\u00e9 de la situation au regard du service national (\u00e0 partir de 17 ans jusqu\u2019\u00e0 25 ans inclus<\/li>\n<\/ul>\n<ul>\n<li>permis AM ou BSR si il y a lieu<\/li>\n<\/ul>\n<\/h6>\n","protected":false},"excerpt":{"rendered":"<p>Code de la route Le code de la route, obligatoire pour conduire tout type de v\u00e9hicule motoris\u00e9, est le premier pas vers l\u2019obtention de votre permis. Pour obtenir votre examen, vous devrez r\u00e9pondre \u00e0 40 questions \u00e0 choix multiples, avec un maximum de 5 fautes. C\u2019est un examen souvent redout\u00e9, mais rassurez-vous nous mettrons tout [&hellip;]<\/p>\n","protected":false},"author":1,"featured_media":0,"parent":0,"menu_order":0,"comment_status":"closed","ping_status":"closed","template":"elementor_header_footer","meta":{"footnotes":""},"class_list":["post-53","page","type-page","status-publish","hentry"],"_links":{"self":[{"href":"https:\/\/autoecolemyriam.fr\/index.php\/wp-json\/wp\/v2\/pages\/53","targetHints":{"allow":["GET"]}}],"collection":[{"href":"https:\/\/autoecolemyriam.fr\/index.php\/wp-json\/wp\/v2\/pages"}],"about":[{"href":"https:\/\/autoecolemyriam.fr\/index.php\/wp-json\/wp\/v2\/types\/page"}],"author":[{"embeddable":true,"href":"https:\/\/autoecolemyriam.fr\/index.php\/wp-json\/wp\/v2\/users\/1"}],"replies":[{"embeddable":true,"href":"https:\/\/autoecolemyriam.fr\/index.php\/wp-json\/wp\/v2\/comments?post=53"}],"version-history":[{"count":91,"href":"https:\/\/autoecolemyriam.fr\/index.php\/wp-json\/wp\/v2\/pages\/53\/revisions"}],"predecessor-version":[{"id":706,"href":"https:\/\/autoecolemyriam.fr\/index.php\/wp-json\/wp\/v2\/pages\/53\/revisions\/706"}],"wp:attachment":[{"href":"https:\/\/autoecolemyriam.fr\/index.php\/wp-json\/wp\/v2\/media?parent=53"}],"curies":[{"name":"wp","href":"https:\/\/api.w.org\/{rel}","templated":true}]}}