{"id":636,"date":"2023-01-18T10:27:28","date_gmt":"2023-01-18T10:27:28","guid":{"rendered":"https:\/\/autoecolemyriam.fr\/?page_id=636"},"modified":"2023-01-20T21:59:58","modified_gmt":"2023-01-20T21:59:58","slug":"voitures","status":"publish","type":"page","link":"https:\/\/autoecolemyriam.fr\/index.php\/voitures\/","title":{"rendered":"Voitures"},"content":{"rendered":"<style>\/*! elementor - v3.10.1 - 17-01-2023 *\/\n.elementor-heading-title{padding:0;margin:0;line-height:1}.elementor-widget-heading .elementor-heading-title[class*=elementor-size-]>a{color:inherit;font-size:inherit;line-height:inherit}.elementor-widget-heading .elementor-heading-title.elementor-size-small{font-size:15px}.elementor-widget-heading .elementor-heading-title.elementor-size-medium{font-size:19px}.elementor-widget-heading .elementor-heading-title.elementor-size-large{font-size:29px}.elementor-widget-heading .elementor-heading-title.elementor-size-xl{font-size:39px}.elementor-widget-heading .elementor-heading-title.elementor-size-xxl{font-size:59px}<\/style>\n<h2>Permis Voiture: permis B<\/h2>\n<p><em><strong>C\u2019est \u00e0 partir de 18 ans que l\u2019on peut passer son permis de conduire. Il consiste en une \u00e9preuve pratique de 35 minutes durant laquelle vous devrez r\u00e9ussir deux man\u0153uvres: l\u2019une au choix de l\u2019inspecteur, l\u2019autre \u00e0 votre choix. Vous devrez \u00e9galement savoir r\u00e9pondre \u00e0 des questions \u00a0relatives \u00e0 la s\u00e9curit\u00e9 du v\u00e9hicule.<\/strong><\/em><\/p>\n<h2>Notre formation<br \/>\n<\/h2>\n<p>Lors de votre formation au permis B vous serez encadr\u00e9s par une \u00e9quipe exp\u00e9riment\u00e9e et p\u00e9dagogue. Nos formateurs vous aideront \u00e0 \u00e9voluer dans une constance de mani\u00e8re adapt\u00e9e \u00e0 votre rythme et vos performances. Vos le\u00e7ons seront r\u00e9guli\u00e8res jusqu\u2019\u00e0 la pr\u00e9sentation de l\u2019examen. Nous cherchons nos \u00e9l\u00e8ves \u00e0 leur domicile, au lyc\u00e9e, ou \u00e0 leur lieu de travail (dans une distance raisonnable). Notre parc automobile est renouvel\u00e9 chaque ann\u00e9e pour votre confort.<\/p>\n<style>\/*! elementor - v3.10.1 - 17-01-2023 *\/\n.elementor-widget-image{text-align:center}.elementor-widget-image a{display:inline-block}.elementor-widget-image a img[src$=\".svg\"]{width:48px}.elementor-widget-image img{vertical-align:middle;display:inline-block}<\/style>\n<p>\t\t\t\t\t\t\t\t\t\t\t\t<img decoding=\"async\" width=\"327\" height=\"314\" src=\"http:\/\/autoecolemyriam.fr\/wp-content\/uploads\/2023\/01\/f214d2_c5c2c49ad3b7454c9effe5f28a5325ba.webp\" alt=\"\" loading=\"lazy\" srcset=\"https:\/\/autoecolemyriam.fr\/wp-content\/uploads\/2023\/01\/f214d2_c5c2c49ad3b7454c9effe5f28a5325ba.webp 327w, https:\/\/autoecolemyriam.fr\/wp-content\/uploads\/2023\/01\/f214d2_c5c2c49ad3b7454c9effe5f28a5325ba-300x288.webp 300w\" sizes=\"auto, (max-width: 327px) 100vw, 327px\" \/>\t\t\t\t\t\t\t\t\t\t\t\t\t\t\t<\/p>\n<h2>450\u20ac TTC, code de la route 2023<\/h2>\n<h6>2 formules pour passer votre code:<\/h6>\n<p>\u00a0<\/p>\n<ul>\n<li>le code en salle dans nos locaux du lundi au vendredi de 17h \u00e0 19h<\/li>\n<\/ul>\n<ul>\n<li>en stage code de 4 jours.<\/li>\n<\/ul>\n<h2>Liste des pi\u00e8ces \u00e0 fournir:<\/h2>\n<h6>\n<ul>\n<li>Carte d\u2019identit\u00e9.<\/li>\n<\/ul>\n<ul>\n<li>attestation d\u2019h\u00e9bergement et carte d\u2019identit\u00e9 de l\u2019h\u00e9bergeant si le justificatif de domicile n\u2019est pas au nom de l\u2019\u00e9l\u00e8ve<\/li>\n<\/ul>\n<ul>\n<li>.<\/li>\n<\/ul>\n<ul>\n<li>justificatif de domicile de moins de 6 mois <b>(facture GAZ, elec&#8230;)<\/b><\/li>\n<\/ul>\n<ul>\n<li>.<\/li>\n<\/ul>\n<ul>\n<li>e-photo aux normes ANTS<\/li>\n<\/ul>\n<ul>\n<li>.<\/li>\n<\/ul>\n<ul>\n<li>l\u2019attestation justifiant de la r\u00e9gularit\u00e9 de la situation au regard du service national (\u00e0 partir de 17 ans jusqu\u2019\u00e0 25 ans inclus<\/li>\n<\/ul>\n<ul>\n<li>permis AM ou BSR si il y a lieu<\/li>\n<\/ul>\n<\/h6>\n","protected":false},"excerpt":{"rendered":"<p>Permis Voiture: permis B C\u2019est \u00e0 partir de 18 ans que l\u2019on peut passer son permis de conduire. Il consiste en une \u00e9preuve pratique de 35 minutes durant laquelle vous devrez r\u00e9ussir deux man\u0153uvres: l\u2019une au choix de l\u2019inspecteur, l\u2019autre \u00e0 votre choix. Vous devrez \u00e9galement savoir r\u00e9pondre \u00e0 des questions \u00a0relatives \u00e0 la s\u00e9curit\u00e9 [&hellip;]<\/p>\n","protected":false},"author":1,"featured_media":0,"parent":0,"menu_order":0,"comment_status":"closed","ping_status":"closed","template":"elementor_header_footer","meta":{"footnotes":""},"class_list":["post-636","page","type-page","status-publish","hentry"],"_links":{"self":[{"href":"https:\/\/autoecolemyriam.fr\/index.php\/wp-json\/wp\/v2\/pages\/636","targetHints":{"allow":["GET"]}}],"collection":[{"href":"https:\/\/autoecolemyriam.fr\/index.php\/wp-json\/wp\/v2\/pages"}],"about":[{"href":"https:\/\/autoecolemyriam.fr\/index.php\/wp-json\/wp\/v2\/types\/page"}],"author":[{"embeddable":true,"href":"https:\/\/autoecolemyriam.fr\/index.php\/wp-json\/wp\/v2\/users\/1"}],"replies":[{"embeddable":true,"href":"https:\/\/autoecolemyriam.fr\/index.php\/wp-json\/wp\/v2\/comments?post=636"}],"version-history":[{"count":9,"href":"https:\/\/autoecolemyriam.fr\/index.php\/wp-json\/wp\/v2\/pages\/636\/revisions"}],"predecessor-version":[{"id":851,"href":"https:\/\/autoecolemyriam.fr\/index.php\/wp-json\/wp\/v2\/pages\/636\/revisions\/851"}],"wp:attachment":[{"href":"https:\/\/autoecolemyriam.fr\/index.php\/wp-json\/wp\/v2\/media?parent=636"}],"curies":[{"name":"wp","href":"https:\/\/api.w.org\/{rel}","templated":true}]}}