{"id":658,"date":"2023-01-18T10:46:49","date_gmt":"2023-01-18T10:46:49","guid":{"rendered":"https:\/\/autoecolemyriam.fr\/?page_id=658"},"modified":"2026-04-02T23:53:02","modified_gmt":"2026-04-02T23:53:02","slug":"critere","status":"publish","type":"page","link":"https:\/\/autoecolemyriam.fr\/index.php\/critere\/","title":{"rendered":"Crit\u00e8re"},"content":{"rendered":"<style>\/*! elementor - v3.10.1 - 17-01-2023 *\/\n.elementor-heading-title{padding:0;margin:0;line-height:1}.elementor-widget-heading .elementor-heading-title[class*=elementor-size-]>a{color:inherit;font-size:inherit;line-height:inherit}.elementor-widget-heading .elementor-heading-title.elementor-size-small{font-size:15px}.elementor-widget-heading .elementor-heading-title.elementor-size-medium{font-size:19px}.elementor-widget-heading .elementor-heading-title.elementor-size-large{font-size:29px}.elementor-widget-heading .elementor-heading-title.elementor-size-xl{font-size:39px}.elementor-widget-heading .elementor-heading-title.elementor-size-xxl{font-size:59px}<\/style>\n<h2>Crit\u00e8re<\/h2>\n<h2>Crit\u00e8re 3.4 <\/h2>\n<p><strong>\u00c9tablir une proc\u00e9dure permettant de favoriser l&#8217;engagement des \u00e9l\u00e8ves, de pr\u00e9venir les abandons. <\/strong><\/p>\n<p>\u00a0<\/p>\n<ul>\n<li><u>Suivi th\u00e9orique<\/u> : appel t\u00e9l\u00e9phonique, note dans la fiche client du logiciel de gestion RAPIDO, relance automatique via Pass Rousseau Codes Rousseau (mail envoyer apr\u00e8s 1 semaine, 2 semaines, 1 mois et plus de non-connexion)<\/li>\n<li><u>Suivi pratique<\/u> : appel t\u00e9l\u00e9phonique, une note dans la fiche client du logiciel<\/li>\n<li>RAPIDO<\/li>\n<li>Modalit\u00e9s de mise en \u0153uvre des relances pour pr\u00e9venir des abandons d\u00e8s 3 mois d\u2019absence : relance t\u00e9l\u00e9phonique<\/li>\n<li>Outil de suivi des abandons et de leurs motifs : logiciel de gestion RAPIDO<\/li>\n<\/ul>\n<h2>Crit\u00e8re 3.5 <\/h2>\n<p><strong>Le cas \u00e9ch\u00e9ant, si l&#8217;\u00e9cole de conduite ou l&#8217;association met en \u0153uvre des formations financ\u00e9es en tout ou partie par une entreprise \u00e0 destination de salari\u00e9(s), elle met en place des modalit\u00e9s de suivi avec l&#8217;entreprise concern\u00e9e.<\/strong><\/p>\n<p><em>\u00a0\u00a0\u00a0\u00a0\u00a0\u00a0\u00a0\u00a0\u00a0\u00a0\u00a0\u00a0\u00a0\u00a0\u00a0\u00a0\u00a0\u00a0\u00a0\u00a0 <\/em><\/p>\n<p><strong>R\u00e9f\u00e9rant en charge des relations avec les entreprises : Madame GARGAT Myriam<\/strong><\/p>\n<p><strong>\u00a0<\/strong><\/p>\n<p><em>Outils permettant de faire le lien entre l&#8217;\u00e9tablissement et l&#8217;entreprise : devis, feuilles d\u2019\u00e9margements, communication des r\u00e9sultats par mail, planning, convocation d&#8217;examens, factures <\/em><\/p>\n<p><em>\u00a0<\/em><\/p>\n<p><em>Un contrat est \u00e9tabli entre le salari\u00e9 et l&#8217;auto-\u00e9cole <\/em><\/p>\n<h2>Crit\u00e8re 4.1<\/h2>\n<p><strong>Pr\u00e9sence et mise \u00e0 disposition des moyens p\u00e9dagogiques\u2009:<\/strong><\/p>\n<ol>\n<li><strong>Nombre : 6<\/strong><\/li>\n<li><strong>Qualification des enseignants : 3 BEPECASER et 3 ECSR<\/strong><\/li>\n<li><strong>Responsable p\u00e9dagogique : <\/strong><strong>GARGAT Myriam<\/strong><\/li>\n<li><strong>Liste des produits\u2009p\u00e9dagogiques :<\/strong> S\u00e9rie de code en salle syst\u00e8me Planet Permis et ENPC, Appli de code. Codes d\u2019acc\u00e8s internet, Ouvrages p\u00e9dagogiques (livre de Code).<\/li>\n<li><strong>Liste des produits p\u00e9dagogiques pratique : 4 <\/strong>v\u00e9hicules manuels de type Citro\u00ebn C3, une Clio 5, Boite auto et une Renaut capture manuelle.<\/li>\n<\/ol>\n<h2>Crit\u00e8re 5.2 <\/h2>\n<p><strong>Lorsque l&#8217;\u00e9cole de conduite fait appel \u00e0 des enseignants dans le cadre d&#8217;une prestation de service ou de la sous-traitance, mettre en place un suivi des formations continues de ces enseignants. <\/strong><\/p>\n<p><strong>\u00a0<\/strong><\/p>\n<p>Nous ne faisons pas appel \u00e0 des sous-traitants dans le cadre de nos formations.<\/p>\n<p>Si dans l\u2019avenir nous utilisons un sous-traitant nous v\u00e9rifierons sont autorisation d\u2019enseign\u00e9e ainsi que son attestation Urssaf, tva,\u00a0 etc.<\/p>\n<h2>Crit\u00e8re 6.1 <\/h2>\n<p><strong>Mettre en place une veille sur les \u00e9volutions r\u00e9glementaires li\u00e9es au code de la route et diffusion aupr\u00e8s du personnel :\u00a0 <\/strong><\/p>\n<p>Edition La baule par Club Codes Rousseau, La Tribune des auto-\u00e9coles, Newsletter L\u00e9gifrance, Newsletter CNPA<\/p>\n<p>V\u00e9rification des moyens de diffusion aupr\u00e8s du personnel : R\u00e9union interne <\/p>\n<h2> Crit\u00e8re 6.2 <\/h2>\n<p><strong>Mettre en place une veille sur les \u00e9volutions des comp\u00e9tences, des m\u00e9tiers dans le secteur de l&#8217;\u00e9ducation routi\u00e8re et diffusion aupr\u00e8s du personnel. <\/strong><\/p>\n<p><strong>\u00a0<\/strong><\/p>\n<p><a href=\"https:\/\/ghostwritinghausarbeiten.de\/\">hausarbeit jura ghostwriter<\/a><\/p>\n<p>Newsletter La Tribune des auto-\u00e9coles- IRP automobile R\u00e9union club Rousseau<\/p>\n<p>V\u00e9rification des moyens de diffusion aupr\u00e8s du personnel : R\u00e9union interne\u00a0 <\/p>\n<h2> Crit\u00e8re 6.3 <\/h2>\n<p><strong>Mettre en place une veille sur les \u00e9volutions p\u00e9dagogiques et technologiques applicables dans le champ des \u00e9coles de conduite et des associations et diffusion aupr\u00e8s du personnel.<\/strong><\/p>\n<p>\u00a0\u00a0\u00a0\u00a0\u00a0\u00a0\u00a0\u00a0\u00a0\u00a0\u00a0\u00a0\u00a0\u00a0\u00a0\u00a0\u00a0\u00a0\u00a0\u00a0\u00a0\u00a0\u00a0\u00a0\u00a0\u00a0\u00a0\u00a0\u00a0\u00a0\u00a0\u00a0\u00a0\u00a0\u00a0\u00a0\u00a0<\/p>\n<p>Newsletter Codes Rousseau catalogue fournisseurs et leurs commerciaux<\/p>\n<h2>Crit\u00e8re 6.4<\/h2>\n<p><strong>Si l&#8217;\u00e9cole de conduite ou l&#8217;association fait appel \u00e0 un sous-traitant, d\u00e9crire les modalit\u00e9s mises en place lui permettant de s&#8217;assurer du respect de la conformit\u00e9 au pr\u00e9sent r\u00e9f\u00e9rentiel. La sous-traitance des actions relatives aux droits et dispositifs sp\u00e9cifiques pr\u00e9vus \u00e0 l&#8217;article L. 213-9 du code de la route (contreparties du label) ne peut se faire qu&#8217;entre \u00e9coles de conduite ou associations titulaires du label minist\u00e9riel ou d&#8217;une \u00e9quivalence reconnue.<\/strong><\/p>\n<p>\u00a0<\/p>\n<p><strong>Nous ne faisons pas appel \u00e0 un sous-traitant. Mais si nous devions faire appel \u00e0 un sous-traitant, nous nous assurerions qu\u2019il prenne connaissance du r\u00e9f\u00e9rentiel et nous lui \u00e9tablirons un contrat de sous-traitance et v\u00e9rifierons son autorisation d\u2019enseignement valide<\/strong><\/p>\n","protected":false},"excerpt":{"rendered":"<p>Crit\u00e8re Crit\u00e8re 3.4 \u00c9tablir une proc\u00e9dure permettant de favoriser l&#8217;engagement des \u00e9l\u00e8ves, de pr\u00e9venir les abandons. \u00a0 Suivi th\u00e9orique : appel t\u00e9l\u00e9phonique, note dans la fiche client du logiciel de gestion RAPIDO, relance automatique via Pass Rousseau Codes Rousseau (mail envoyer apr\u00e8s 1 semaine, 2 semaines, 1 mois et plus de non-connexion) Suivi pratique : [&hellip;]<\/p>\n","protected":false},"author":1,"featured_media":0,"parent":0,"menu_order":0,"comment_status":"closed","ping_status":"closed","template":"","meta":{"footnotes":""},"class_list":["post-658","page","type-page","status-publish","hentry"],"_links":{"self":[{"href":"https:\/\/autoecolemyriam.fr\/index.php\/wp-json\/wp\/v2\/pages\/658","targetHints":{"allow":["GET"]}}],"collection":[{"href":"https:\/\/autoecolemyriam.fr\/index.php\/wp-json\/wp\/v2\/pages"}],"about":[{"href":"https:\/\/autoecolemyriam.fr\/index.php\/wp-json\/wp\/v2\/types\/page"}],"author":[{"embeddable":true,"href":"https:\/\/autoecolemyriam.fr\/index.php\/wp-json\/wp\/v2\/users\/1"}],"replies":[{"embeddable":true,"href":"https:\/\/autoecolemyriam.fr\/index.php\/wp-json\/wp\/v2\/comments?post=658"}],"version-history":[{"count":4,"href":"https:\/\/autoecolemyriam.fr\/index.php\/wp-json\/wp\/v2\/pages\/658\/revisions"}],"predecessor-version":[{"id":3783,"href":"https:\/\/autoecolemyriam.fr\/index.php\/wp-json\/wp\/v2\/pages\/658\/revisions\/3783"}],"wp:attachment":[{"href":"https:\/\/autoecolemyriam.fr\/index.php\/wp-json\/wp\/v2\/media?parent=658"}],"curies":[{"name":"wp","href":"https:\/\/api.w.org\/{rel}","templated":true}]}}