{"id":716,"date":"2023-01-19T18:20:38","date_gmt":"2023-01-19T18:20:38","guid":{"rendered":"https:\/\/autoecolemyriam.fr\/?page_id=716"},"modified":"2025-10-13T20:16:22","modified_gmt":"2025-10-13T20:16:22","slug":"conduite-accompagnee-sans-le-code-1250e","status":"publish","type":"page","link":"https:\/\/autoecolemyriam.fr\/index.php\/conduite-accompagnee-sans-le-code-1250e\/","title":{"rendered":"CONDUITE ACCOMPAGN\u00c9E SANS LE CODE 1350\u20ac"},"content":{"rendered":"<style>\/*! elementor - v3.10.1 - 17-01-2023 *\/\n.elementor-heading-title{padding:0;margin:0;line-height:1}.elementor-widget-heading .elementor-heading-title[class*=elementor-size-]>a{color:inherit;font-size:inherit;line-height:inherit}.elementor-widget-heading .elementor-heading-title.elementor-size-small{font-size:15px}.elementor-widget-heading .elementor-heading-title.elementor-size-medium{font-size:19px}.elementor-widget-heading .elementor-heading-title.elementor-size-large{font-size:29px}.elementor-widget-heading .elementor-heading-title.elementor-size-xl{font-size:39px}.elementor-widget-heading .elementor-heading-title.elementor-size-xxl{font-size:59px}<\/style>\n<h2>CONDUITE ACCOMPAGN\u00c9E SANS LE CODE 1350\u20ac<\/h2>\n<p><i>\u00c0 partir de 15 ans, vous pouvez commencer \u00e0 vous pr\u00e9parer pour le permis de conduire. Suite \u00e0 cette formation, vous aurez la possibilit\u00e9 de passer votre examen d\u00e8s l&#8217;\u00e2ge de 17 ans. De plus, gr\u00e2ce \u00e0 cette formation, votre p\u00e9riode probatoire sera r\u00e9duite \u00e0 2 ans au lieu de 3 ans.<\/i><\/p>\n","protected":false},"excerpt":{"rendered":"<p>CONDUITE ACCOMPAGN\u00c9E SANS LE CODE 1350\u20ac \u00c0 partir de 15 ans, vous pouvez commencer \u00e0 vous pr\u00e9parer pour le permis de conduire. Suite \u00e0 cette formation, vous aurez la possibilit\u00e9 de passer votre examen d\u00e8s l&#8217;\u00e2ge de 17 ans. De plus, gr\u00e2ce \u00e0 cette formation, votre p\u00e9riode probatoire sera r\u00e9duite \u00e0 2 ans au lieu [&hellip;]<\/p>\n","protected":false},"author":1,"featured_media":0,"parent":0,"menu_order":0,"comment_status":"closed","ping_status":"closed","template":"","meta":{"footnotes":""},"class_list":["post-716","page","type-page","status-publish","hentry"],"_links":{"self":[{"href":"https:\/\/autoecolemyriam.fr\/index.php\/wp-json\/wp\/v2\/pages\/716","targetHints":{"allow":["GET"]}}],"collection":[{"href":"https:\/\/autoecolemyriam.fr\/index.php\/wp-json\/wp\/v2\/pages"}],"about":[{"href":"https:\/\/autoecolemyriam.fr\/index.php\/wp-json\/wp\/v2\/types\/page"}],"author":[{"embeddable":true,"href":"https:\/\/autoecolemyriam.fr\/index.php\/wp-json\/wp\/v2\/users\/1"}],"replies":[{"embeddable":true,"href":"https:\/\/autoecolemyriam.fr\/index.php\/wp-json\/wp\/v2\/comments?post=716"}],"version-history":[{"count":10,"href":"https:\/\/autoecolemyriam.fr\/index.php\/wp-json\/wp\/v2\/pages\/716\/revisions"}],"predecessor-version":[{"id":1042,"href":"https:\/\/autoecolemyriam.fr\/index.php\/wp-json\/wp\/v2\/pages\/716\/revisions\/1042"}],"wp:attachment":[{"href":"https:\/\/autoecolemyriam.fr\/index.php\/wp-json\/wp\/v2\/media?parent=716"}],"curies":[{"name":"wp","href":"https:\/\/api.w.org\/{rel}","templated":true}]}}