{"id":717,"date":"2023-01-19T18:18:59","date_gmt":"2023-01-19T18:18:59","guid":{"rendered":"https:\/\/autoecolemyriam.fr\/?page_id=717"},"modified":"2026-04-02T23:53:13","modified_gmt":"2026-04-02T23:53:13","slug":"permis-boite-automatique-avec-le-code-1150e","status":"publish","type":"page","link":"https:\/\/autoecolemyriam.fr\/index.php\/permis-boite-automatique-avec-le-code-1150e\/","title":{"rendered":"PERMIS BO\u00ceTE AUTOMATIQUE AVEC LE CODE 1250\u20ac"},"content":{"rendered":"\t\t<div data-elementor-type=\"wp-page\" data-elementor-id=\"717\" class=\"elementor elementor-717\">\n\t\t\t\t\t\t<section class=\"elementor-section elementor-top-section elementor-element elementor-element-c0e9076 elementor-section-boxed elementor-section-height-default elementor-section-height-default\" data-id=\"c0e9076\" data-element_type=\"section\" data-e-type=\"section\">\n\t\t\t\t\t\t<div class=\"elementor-container elementor-column-gap-default\">\n\t\t\t\t\t<div class=\"elementor-column elementor-col-100 elementor-top-column elementor-element elementor-element-28eafda\" data-id=\"28eafda\" data-element_type=\"column\" data-e-type=\"column\" data-settings=\"{&quot;background_background&quot;:&quot;classic&quot;}\">\n\t\t\t<div class=\"elementor-widget-wrap elementor-element-populated\">\n\t\t\t\t\t\t<div class=\"elementor-element elementor-element-a33cbe9 elementor-widget elementor-widget-heading\" data-id=\"a33cbe9\" data-element_type=\"widget\" data-e-type=\"widget\" data-widget_type=\"heading.default\">\n\t\t\t\t<div class=\"elementor-widget-container\">\n\t\t\t\t\t<h2 class=\"elementor-heading-title elementor-size-default\"><font dir=\"auto\" style=\"vertical-align: inherit\"><font dir=\"auto\" style=\"vertical-align: inherit\">PERMIS BO\u00ceTE AUTOMATIQUE AVEC LE CODE <\/font><\/font><font dir=\"auto\" style=\"vertical-align: inherit\"><font dir=\"auto\" style=\"vertical-align: inherit\">1250\u20ac<\/font><\/font><\/h2>\t\t\t\t<\/div>\n\t\t\t\t<\/div>\n\t\t\t\t<div class=\"elementor-element elementor-element-f0e0baf elementor-widget elementor-widget-text-editor\" data-id=\"f0e0baf\" data-element_type=\"widget\" data-e-type=\"widget\" data-widget_type=\"text-editor.default\">\n\t\t\t\t<div class=\"elementor-widget-container\">\n\t\t\t\t\t\t\t\t\t<p><em><span dir=\"auto\" style=\"vertical-align: inherit;\"><span dir=\"auto\" style=\"vertical-align: inherit;\">C&rsquo;est \u00e0 partir de 17 ans que l&rsquo;on peut passer son permis de conduire. Il consiste en une \u00e9preuve pratique de 35 minutes durant laquelle vous devrez r\u00e9ussir deux man\u0153uvres : l&rsquo;une au choix de l&rsquo;inspecteur, l&rsquo;autre \u00e0 votre choix. Vous devrez \u00e9galement savoir r\u00e9pondre \u00e0 des questions relatives \u00e0 la s\u00e9curit\u00e9 du v\u00e9hicule.<\/span><\/span><\/em><\/p>\t\t\t\t\t\t\t\t<\/div>\n\t\t\t\t<\/div>\n\t\t\t\t\t<\/div>\n\t\t<\/div>\n\t\t\t\t\t<\/div>\n\t\t<\/section>\n\t\t\t\t<\/div>\n\t\t","protected":false},"excerpt":{"rendered":"<p>PERMIS BO\u00ceTE AUTOMATIQUE AVEC LE CODE 1250\u20ac C&rsquo;est \u00e0 partir de 17 ans que l&rsquo;on peut passer son permis de conduire. Il consiste en une \u00e9preuve pratique de 35 minutes durant laquelle vous devrez r\u00e9ussir deux man\u0153uvres : l&rsquo;une au choix de l&rsquo;inspecteur, l&rsquo;autre \u00e0 votre choix. Vous devrez \u00e9galement savoir r\u00e9pondre \u00e0 des questions [&hellip;]<\/p>\n","protected":false},"author":1,"featured_media":0,"parent":0,"menu_order":0,"comment_status":"closed","ping_status":"closed","template":"","meta":{"footnotes":""},"class_list":["post-717","page","type-page","status-publish","hentry"],"_links":{"self":[{"href":"https:\/\/autoecolemyriam.fr\/index.php\/wp-json\/wp\/v2\/pages\/717","targetHints":{"allow":["GET"]}}],"collection":[{"href":"https:\/\/autoecolemyriam.fr\/index.php\/wp-json\/wp\/v2\/pages"}],"about":[{"href":"https:\/\/autoecolemyriam.fr\/index.php\/wp-json\/wp\/v2\/types\/page"}],"author":[{"embeddable":true,"href":"https:\/\/autoecolemyriam.fr\/index.php\/wp-json\/wp\/v2\/users\/1"}],"replies":[{"embeddable":true,"href":"https:\/\/autoecolemyriam.fr\/index.php\/wp-json\/wp\/v2\/comments?post=717"}],"version-history":[{"count":17,"href":"https:\/\/autoecolemyriam.fr\/index.php\/wp-json\/wp\/v2\/pages\/717\/revisions"}],"predecessor-version":[{"id":3786,"href":"https:\/\/autoecolemyriam.fr\/index.php\/wp-json\/wp\/v2\/pages\/717\/revisions\/3786"}],"wp:attachment":[{"href":"https:\/\/autoecolemyriam.fr\/index.php\/wp-json\/wp\/v2\/media?parent=717"}],"curies":[{"name":"wp","href":"https:\/\/api.w.org\/{rel}","templated":true}]}}