{"id":719,"date":"2023-01-19T18:18:14","date_gmt":"2023-01-19T18:18:14","guid":{"rendered":"https:\/\/autoecolemyriam.fr\/?page_id=719"},"modified":"2025-10-13T20:20:01","modified_gmt":"2025-10-13T20:20:01","slug":"permis-b-sans-le-code-1150e","status":"publish","type":"page","link":"https:\/\/autoecolemyriam.fr\/index.php\/permis-b-sans-le-code-1150e\/","title":{"rendered":"PERMIS B SANS LE CODE 1300\u20ac"},"content":{"rendered":"\t\t<div data-elementor-type=\"wp-page\" data-elementor-id=\"719\" class=\"elementor elementor-719\">\n\t\t\t\t\t\t<section class=\"elementor-section elementor-top-section elementor-element elementor-element-d064396 elementor-section-boxed elementor-section-height-default elementor-section-height-default\" data-id=\"d064396\" data-element_type=\"section\" data-e-type=\"section\">\n\t\t\t\t\t\t<div class=\"elementor-container elementor-column-gap-default\">\n\t\t\t\t\t<div class=\"elementor-column elementor-col-100 elementor-top-column elementor-element elementor-element-5606c2c\" data-id=\"5606c2c\" data-element_type=\"column\" data-e-type=\"column\" data-settings=\"{&quot;background_background&quot;:&quot;classic&quot;}\">\n\t\t\t<div class=\"elementor-widget-wrap elementor-element-populated\">\n\t\t\t\t\t\t<div class=\"elementor-element elementor-element-c380368 elementor-widget elementor-widget-heading\" data-id=\"c380368\" data-element_type=\"widget\" data-e-type=\"widget\" data-widget_type=\"heading.default\">\n\t\t\t\t<div class=\"elementor-widget-container\">\n\t\t\t\t\t<h2 class=\"elementor-heading-title elementor-size-default\"><font dir=\"auto\" style=\"vertical-align: inherit\"><font dir=\"auto\" style=\"vertical-align: inherit\">PERMIS B SANS LE CODE <\/font><\/font><font dir=\"auto\" style=\"vertical-align: inherit\"><font dir=\"auto\" style=\"vertical-align: inherit\">1300\u20ac<\/font><\/font><\/h2>\t\t\t\t<\/div>\n\t\t\t\t<\/div>\n\t\t\t\t<div class=\"elementor-element elementor-element-09c3df3 elementor-widget elementor-widget-text-editor\" data-id=\"09c3df3\" data-element_type=\"widget\" data-e-type=\"widget\" data-widget_type=\"text-editor.default\">\n\t\t\t\t<div class=\"elementor-widget-container\">\n\t\t\t\t\t\t\t\t\t<p><em>C\u2019est \u00e0 partir de 17 ans que l\u2019on peut passer son permis de conduire. Il consiste en une \u00e9preuve pratique de 35 minutes durant laquelle vous devrez r\u00e9ussir deux man\u0153uvres: l\u2019une au choix de l\u2019inspecteur, l\u2019autre \u00e0 votre choix. Vous devrez \u00e9galement savoir r\u00e9pondre \u00e0 des questions \u00a0relatives \u00e0 la s\u00e9curit\u00e9 du v\u00e9hicule.<\/em><\/p>\t\t\t\t\t\t\t\t<\/div>\n\t\t\t\t<\/div>\n\t\t\t\t\t<\/div>\n\t\t<\/div>\n\t\t\t\t\t<\/div>\n\t\t<\/section>\n\t\t\t\t<\/div>\n\t\t","protected":false},"excerpt":{"rendered":"<p>PERMIS B SANS LE CODE 1300\u20ac C\u2019est \u00e0 partir de 17 ans que l\u2019on peut passer son permis de conduire. Il consiste en une \u00e9preuve pratique de 35 minutes durant laquelle vous devrez r\u00e9ussir deux man\u0153uvres: l\u2019une au choix de l\u2019inspecteur, l\u2019autre \u00e0 votre choix. Vous devrez \u00e9galement savoir r\u00e9pondre \u00e0 des questions \u00a0relatives \u00e0 [&hellip;]<\/p>\n","protected":false},"author":1,"featured_media":0,"parent":0,"menu_order":0,"comment_status":"closed","ping_status":"closed","template":"","meta":{"footnotes":""},"class_list":["post-719","page","type-page","status-publish","hentry"],"_links":{"self":[{"href":"https:\/\/autoecolemyriam.fr\/index.php\/wp-json\/wp\/v2\/pages\/719","targetHints":{"allow":["GET"]}}],"collection":[{"href":"https:\/\/autoecolemyriam.fr\/index.php\/wp-json\/wp\/v2\/pages"}],"about":[{"href":"https:\/\/autoecolemyriam.fr\/index.php\/wp-json\/wp\/v2\/types\/page"}],"author":[{"embeddable":true,"href":"https:\/\/autoecolemyriam.fr\/index.php\/wp-json\/wp\/v2\/users\/1"}],"replies":[{"embeddable":true,"href":"https:\/\/autoecolemyriam.fr\/index.php\/wp-json\/wp\/v2\/comments?post=719"}],"version-history":[{"count":13,"href":"https:\/\/autoecolemyriam.fr\/index.php\/wp-json\/wp\/v2\/pages\/719\/revisions"}],"predecessor-version":[{"id":1053,"href":"https:\/\/autoecolemyriam.fr\/index.php\/wp-json\/wp\/v2\/pages\/719\/revisions\/1053"}],"wp:attachment":[{"href":"https:\/\/autoecolemyriam.fr\/index.php\/wp-json\/wp\/v2\/media?parent=719"}],"curies":[{"name":"wp","href":"https:\/\/api.w.org\/{rel}","templated":true}]}}