{"id":748,"date":"2023-01-19T18:24:52","date_gmt":"2023-01-19T18:24:52","guid":{"rendered":"https:\/\/autoecolemyriam.fr\/?page_id=748"},"modified":"2025-10-13T20:17:56","modified_gmt":"2025-10-13T20:17:56","slug":"forfait-code-450e","status":"publish","type":"page","link":"https:\/\/autoecolemyriam.fr\/index.php\/forfait-code-450e\/","title":{"rendered":"Forfait CODE 450\u20ac"},"content":{"rendered":"\t\t<div data-elementor-type=\"wp-page\" data-elementor-id=\"748\" class=\"elementor elementor-748\">\n\t\t\t\t\t\t<section class=\"elementor-section elementor-top-section elementor-element elementor-element-70fce65 elementor-section-boxed elementor-section-height-default elementor-section-height-default\" data-id=\"70fce65\" data-element_type=\"section\" data-e-type=\"section\">\n\t\t\t\t\t\t<div class=\"elementor-container elementor-column-gap-default\">\n\t\t\t\t\t<div class=\"elementor-column elementor-col-100 elementor-top-column elementor-element elementor-element-9129583\" data-id=\"9129583\" data-element_type=\"column\" data-e-type=\"column\" data-settings=\"{&quot;background_background&quot;:&quot;classic&quot;}\">\n\t\t\t<div class=\"elementor-widget-wrap elementor-element-populated\">\n\t\t\t\t\t\t<div class=\"elementor-element elementor-element-df76ba7 elementor-widget elementor-widget-heading\" data-id=\"df76ba7\" data-element_type=\"widget\" data-e-type=\"widget\" data-widget_type=\"heading.default\">\n\t\t\t\t<div class=\"elementor-widget-container\">\n\t\t\t\t\t<h2 class=\"elementor-heading-title elementor-size-default\">Forfait CODE 450\u20ac<\/h2>\t\t\t\t<\/div>\n\t\t\t\t<\/div>\n\t\t\t\t<div class=\"elementor-element elementor-element-48f8620 elementor-widget elementor-widget-text-editor\" data-id=\"48f8620\" data-element_type=\"widget\" data-e-type=\"widget\" data-widget_type=\"text-editor.default\">\n\t\t\t\t<div class=\"elementor-widget-container\">\n\t\t\t\t\t\t\t\t\t<p><em>C\u2019est \u00e0 partir de 17 ans que l\u2019on peut passer son permis de conduire. Il consiste en une \u00e9preuve pratique de 35 minutes durant laquelle vous devrez r\u00e9ussir deux man\u0153uvres: l\u2019une au choix de l\u2019inspecteur, l\u2019autre \u00e0 votre choix. Vous devrez \u00e9galement savoir r\u00e9pondre \u00e0 des questions \u00a0relatives \u00e0 la s\u00e9curit\u00e9 du v\u00e9hicule.<\/em><\/p>\t\t\t\t\t\t\t\t<\/div>\n\t\t\t\t<\/div>\n\t\t\t\t\t<\/div>\n\t\t<\/div>\n\t\t\t\t\t<\/div>\n\t\t<\/section>\n\t\t\t\t<\/div>\n\t\t","protected":false},"excerpt":{"rendered":"<p>Forfait CODE 450\u20ac C\u2019est \u00e0 partir de 17 ans que l\u2019on peut passer son permis de conduire. Il consiste en une \u00e9preuve pratique de 35 minutes durant laquelle vous devrez r\u00e9ussir deux man\u0153uvres: l\u2019une au choix de l\u2019inspecteur, l\u2019autre \u00e0 votre choix. Vous devrez \u00e9galement savoir r\u00e9pondre \u00e0 des questions \u00a0relatives \u00e0 la s\u00e9curit\u00e9 du [&hellip;]<\/p>\n","protected":false},"author":1,"featured_media":0,"parent":0,"menu_order":0,"comment_status":"closed","ping_status":"closed","template":"","meta":{"footnotes":""},"class_list":["post-748","page","type-page","status-publish","hentry"],"_links":{"self":[{"href":"https:\/\/autoecolemyriam.fr\/index.php\/wp-json\/wp\/v2\/pages\/748","targetHints":{"allow":["GET"]}}],"collection":[{"href":"https:\/\/autoecolemyriam.fr\/index.php\/wp-json\/wp\/v2\/pages"}],"about":[{"href":"https:\/\/autoecolemyriam.fr\/index.php\/wp-json\/wp\/v2\/types\/page"}],"author":[{"embeddable":true,"href":"https:\/\/autoecolemyriam.fr\/index.php\/wp-json\/wp\/v2\/users\/1"}],"replies":[{"embeddable":true,"href":"https:\/\/autoecolemyriam.fr\/index.php\/wp-json\/wp\/v2\/comments?post=748"}],"version-history":[{"count":7,"href":"https:\/\/autoecolemyriam.fr\/index.php\/wp-json\/wp\/v2\/pages\/748\/revisions"}],"predecessor-version":[{"id":1046,"href":"https:\/\/autoecolemyriam.fr\/index.php\/wp-json\/wp\/v2\/pages\/748\/revisions\/1046"}],"wp:attachment":[{"href":"https:\/\/autoecolemyriam.fr\/index.php\/wp-json\/wp\/v2\/media?parent=748"}],"curies":[{"name":"wp","href":"https:\/\/api.w.org\/{rel}","templated":true}]}}